{"id":6,"date":"2011-05-19T12:09:49","date_gmt":"2011-05-19T12:09:49","guid":{"rendered":"http:\/\/www.galerie-am-dom-news.de\/?page_id=6"},"modified":"2017-12-14T12:29:55","modified_gmt":"2017-12-14T12:29:55","slug":"home","status":"publish","type":"page","link":"https:\/\/galerie-am-dom-news.de\/","title":{"rendered":"Home"},"content":{"rendered":"<h2>Herzlich Willkommen<\/h2>\n<p><img loading=\"lazy\" decoding=\"async\" class=\"alignleft size-medium wp-image-700\" src=\"https:\/\/galerie-am-dom-news.de\/wp-content\/uploads\/Galerie_am_Dom_WZ_Entree-212x300.jpg\" alt=\"\" width=\"212\" height=\"300\" srcset=\"https:\/\/galerie-am-dom-news.de\/wp-content\/uploads\/Galerie_am_Dom_WZ_Entree-212x300.jpg 212w, https:\/\/galerie-am-dom-news.de\/wp-content\/uploads\/Galerie_am_Dom_WZ_Entree-768x1087.jpg 768w, https:\/\/galerie-am-dom-news.de\/wp-content\/uploads\/Galerie_am_Dom_WZ_Entree-724x1024.jpg 724w, https:\/\/galerie-am-dom-news.de\/wp-content\/uploads\/Galerie_am_Dom_WZ_Entree.jpg 1202w\" sizes=\"auto, (max-width: 212px) 100vw, 212px\" \/>Die Galerie am Dom in Wetzlar ist seit 1993 das f\u00fchrende Haus f\u00fcr K\u00fcnstleroriginale und Einrahmungen im weiten Umkreis zwischen K\u00f6ln und Frankfurt.<\/p>\n<p>Diese Seiten bieten Ihnen einen \u00dcberblick \u00fcber unsere aktuellen und vergangenen Ausstellungen.<\/p>\n<p>Zur unserer Hauptseite gelangen Sie \u00fcber <a href=\"http:\/\/www.galerie-am-dom.de\"><br \/>\nwww.galerie-am-dom.de<\/a><\/p>\n<p>&nbsp;<\/p>\n<p>&nbsp;<\/p>\n<p><strong><br \/>\nGalerie am Dom GmbH<\/strong><br \/>\nKr\u00e4merstra\u00dfe 1<br \/>\nD &#8211; 35578 Wetzlar<br \/>\n\u00d6ffnungszeiten:<br \/>\nDi bis Fr 13-18 Uhr<br \/>\nSa 10-14 Uhr<br \/>\nTel: 0049 &#8211; 6441 &#8211; 46 47 3<br \/>\nFax: 0049 &#8211; 6441 &#8211; 44 98 96<br \/>\ninfo@galerie-am-dom.de<\/p>\n<p>&nbsp;<\/p>\n","protected":false},"excerpt":{"rendered":"<p>Herzlich Willkommen Die Galerie am Dom in Wetzlar ist seit 1993 das f\u00fchrende Haus f\u00fcr K\u00fcnstleroriginale und Einrahmungen im weiten Umkreis zwischen K\u00f6ln und Frankfurt. Diese Seiten bieten Ihnen einen \u00dcberblick \u00fcber unsere aktuellen und vergangenen Ausstellungen. Zur unserer Hauptseite &hellip; <a href=\"https:\/\/galerie-am-dom-news.de\/\">Weiterlesen <span class=\"meta-nav\">&rarr;<\/span><\/a><\/p>\n","protected":false},"author":3,"featured_media":0,"parent":0,"menu_order":0,"comment_status":"closed","ping_status":"closed","template":"","meta":{"footnotes":""},"class_list":["post-6","page","type-page","status-publish","hentry"],"_links":{"self":[{"href":"https:\/\/galerie-am-dom-news.de\/index.php\/wp-json\/wp\/v2\/pages\/6","targetHints":{"allow":["GET"]}}],"collection":[{"href":"https:\/\/galerie-am-dom-news.de\/index.php\/wp-json\/wp\/v2\/pages"}],"about":[{"href":"https:\/\/galerie-am-dom-news.de\/index.php\/wp-json\/wp\/v2\/types\/page"}],"author":[{"embeddable":true,"href":"https:\/\/galerie-am-dom-news.de\/index.php\/wp-json\/wp\/v2\/users\/3"}],"replies":[{"embeddable":true,"href":"https:\/\/galerie-am-dom-news.de\/index.php\/wp-json\/wp\/v2\/comments?post=6"}],"version-history":[{"count":16,"href":"https:\/\/galerie-am-dom-news.de\/index.php\/wp-json\/wp\/v2\/pages\/6\/revisions"}],"predecessor-version":[{"id":724,"href":"https:\/\/galerie-am-dom-news.de\/index.php\/wp-json\/wp\/v2\/pages\/6\/revisions\/724"}],"wp:attachment":[{"href":"https:\/\/galerie-am-dom-news.de\/index.php\/wp-json\/wp\/v2\/media?parent=6"}],"curies":[{"name":"wp","href":"https:\/\/api.w.org\/{rel}","templated":true}]}}