{"id":49,"date":"2011-05-20T10:29:17","date_gmt":"2011-05-20T10:29:17","guid":{"rendered":"http:\/\/www.galerie-am-dom-news.de\/?page_id=49"},"modified":"2017-09-13T09:08:07","modified_gmt":"2017-09-13T09:08:07","slug":"impressum","status":"publish","type":"page","link":"https:\/\/galerie-am-dom-news.de\/index.php\/impressum\/","title":{"rendered":"Impressum"},"content":{"rendered":"<h3><strong>Angaben gem\u00e4\u00df \u00a7 5 TMG:<\/strong><\/h3>\n<p><strong>Galerie am Dom GmbH<\/strong><br \/>\nKr\u00e4merstra\u00dfe 1<br \/>\n35578 Wetzlar<\/p>\n<p>Tel.: 0 64 41 &#8211; 4 64 73<br \/>\nFax: 0 64 41 &#8211; 44 98 96<br \/>\nE-Mail: <a href=\"mailto:info@galerie-am-dom.de\">info@galerie-am-dom.de<\/a><\/p>\n<h3>Vertreten durch<\/h3>\n<p>Jacqueline Wood<br \/>\nMichael M. Marks<\/p>\n<h3>Registereintrag<\/h3>\n<p>Registernr.: A6971<br \/>\nUst.-Identnr.: DE166517957<\/p>\n<p>Beachten Sie bitte auch unsere <a href=\"http:\/\/www.galerie-am-dom.de\/pages\/agb.asp\" target=\"_blank\" rel=\"noopener\"><strong>AGB<\/strong><\/a>.<\/p>\n<p>Das Kopieren von Bildern, Grafiken und Texten und deren Weiterverwendung ist nicht gestattet !<\/p>\n<p><strong>HAFTUNGSHINWEIS<\/strong><\/p>\n<p>Trotz sorgf\u00e4ltiger inhaltlicher Kontrolle \u00fcbernehmen wir keine Haftung f\u00fcr die Inhalte externer Links. F\u00fcr den Inhalt der verlinkten Seiten sind ausschlie\u00dflich deren Betreiber verantwortlich.<\/p>\n<p><strong>DATENSCHUTZERK\u00c4RUNG<\/strong><\/p>\n<p>www.galerie-am-dom.de ist ein Angebot der Galerie am Dom.<br \/>\nDie Galerie am Dom nimmt den Datenschutz ernst. Die Erhebung Ihrer Daten erfolgt im Rahmen der gesetzlichen Vorschriften. \u00dcber diese k\u00f6nnen Sie sich unter www.datenschutz.de umfassend informieren.<\/p>\n<p><strong>Grunds\u00e4tzlich gilt:<\/strong><\/p>\n<p>1. Bei jedem Zugriff eines Nutzers auf eine Seite der Galerie am Dom und bei jedem Abruf einer Datei werden \u00fcber diesen Vorgang Daten in einer Protokolldatei gespeichert. Die Speicherung dient ausschlie\u00dflich internen systembezogenen und statistischen Zwecken.<br \/>\nIm Einzelnen wird \u00fcber jeden Abruf folgender Datensatz gespeichert:<\/p>\n<ul>\n<li>Name der abgerufenen Datei<\/li>\n<li>Datum und Uhrzeit des Abrufs<\/li>\n<li>\u00fcbertragene Datenmenge<\/li>\n<li>Meldung, ob der Abruf erfolgreich war<\/li>\n<li>Beschreibung des Typs des verwendeten Webbrowsers<\/li>\n<li>anfragende Domain<\/li>\n<\/ul>\n<p>2. Die im Rahmen der Registrierung von Nutzern gemachten Angaben werden, nur nach Zustimmung des Nutzers, in anonymisierter Form zu statistischen Zwecken der Galerie am Dom ausgewertet. Ein Verkauf von Adressen an Dritte findet nicht statt.<\/p>\n<p>3. Die Mitarbeiter der Galerie am Dom sind zur Verschwiegenheit \u00fcber personenbezogene Daten verpflichtet. Eine Weitergabe dieser Daten an Dritte erfolgt nur, wenn dies f\u00fcr die Vertragserf\u00fcllung notwendig ist. Solche Dritte sind ebenfalls von der Galerie am Dom durch Vereinbarungen zur Beachtung des Datenschutzes der Nutzer verpflichtet.<\/p>\n<p>4. Alle unter www.galerie-am-dom.de befindlichen Daten, die sich auf unseren Servern befinden und dort &#8222;gehostet&#8220; (also aufbewahrt) werden, sind durch hintereinander geschaltete Sicherheitssysteme vor dem Zugriff Unberechtigter gesichert.<\/p>\n<p>5. Wenn Sie unsere Seite verlassen, beispielsweise \u00fcber das Anklicken unserer Links auf fremde Seiten, werden von Adressaten der angeklickten Zielseite evtl. so genannte Cookies gesetzt. F\u00fcr diese ist die Galerie am Dom rechtlich nicht verantwortlich. Zu der Benutzung solcher Cookies und der darauf gespeicherten Informationen durch unsere Partner vergleichen Sie bitte deren Datenschutzerkl\u00e4rungen.<\/p>\n<p>6. Wir k\u00fcmmern uns um die Einhaltung der Datenschutzbestimmungen in allen Bereichen unserer Plattform und unseres Unternehmens. Wenn Sie Fragen haben, k\u00f6nnen Sie sich auch direkt an uns wenden. Schreiben Sie an:<\/p>\n<p>Galerie am Dom Wetzlar<br \/>\nKr\u00e4merstra\u00dfe 1<br \/>\n35578 Wetzlar<\/p>\n<p><strong>Automatisch erfasste nicht personenbezogene Daten und Erzeugung von Cookies:<\/strong><\/p>\n<p>Wenn Sie auf unsere Websites zugreifen, werden gelegentlich automatisch (also nicht \u00fcber eine Registrierung) erzeugte Informationen gesammelt, die nicht einer bestimmten Person zugeordnet werden k\u00f6nnen (z. B. vermitteln eines Internetbrowser oder einem Betriebssystem; Domainnamen von Webseiten, von denn aus \u00fcber einen Weblink ein Zugriff erfolgt; Anzahl der Besuche; durchschnittliche Verweilzeit; aufgerufene Seiten). Wir verwenden diese Informationen, um den Auftritt unseren Webseiten st\u00e4ndig zu verbessern und zu aktualisieren sowie um die Attraktivit\u00e4t zu erh\u00f6hen.<\/p>\n<p>Wenn Sie eine unserer Websites besuchen, kann es sein, dass durch uns veranlasst anonymisierte, tempor\u00e4re Informationen in Form eines &#8222;Cookies&#8220; auf Ihrem Computer abgelegt und nach Ihrem Besuch wieder gel\u00f6scht werden.<\/p>\n","protected":false},"excerpt":{"rendered":"<p>Angaben gem\u00e4\u00df \u00a7 5 TMG: Galerie am Dom GmbH Kr\u00e4merstra\u00dfe 1 35578 Wetzlar Tel.: 0 64 41 &#8211; 4 64 73 Fax: 0 64 41 &#8211; 44 98 96 E-Mail: info@galerie-am-dom.de Vertreten durch Jacqueline Wood Michael M. Marks Registereintrag Registernr.: &hellip; <a href=\"https:\/\/galerie-am-dom-news.de\/index.php\/impressum\/\">Weiterlesen <span class=\"meta-nav\">&rarr;<\/span><\/a><\/p>\n","protected":false},"author":2,"featured_media":0,"parent":0,"menu_order":1,"comment_status":"closed","ping_status":"closed","template":"","meta":{"footnotes":""},"class_list":["post-49","page","type-page","status-publish","hentry"],"_links":{"self":[{"href":"https:\/\/galerie-am-dom-news.de\/index.php\/wp-json\/wp\/v2\/pages\/49","targetHints":{"allow":["GET"]}}],"collection":[{"href":"https:\/\/galerie-am-dom-news.de\/index.php\/wp-json\/wp\/v2\/pages"}],"about":[{"href":"https:\/\/galerie-am-dom-news.de\/index.php\/wp-json\/wp\/v2\/types\/page"}],"author":[{"embeddable":true,"href":"https:\/\/galerie-am-dom-news.de\/index.php\/wp-json\/wp\/v2\/users\/2"}],"replies":[{"embeddable":true,"href":"https:\/\/galerie-am-dom-news.de\/index.php\/wp-json\/wp\/v2\/comments?post=49"}],"version-history":[{"count":7,"href":"https:\/\/galerie-am-dom-news.de\/index.php\/wp-json\/wp\/v2\/pages\/49\/revisions"}],"predecessor-version":[{"id":698,"href":"https:\/\/galerie-am-dom-news.de\/index.php\/wp-json\/wp\/v2\/pages\/49\/revisions\/698"}],"wp:attachment":[{"href":"https:\/\/galerie-am-dom-news.de\/index.php\/wp-json\/wp\/v2\/media?parent=49"}],"curies":[{"name":"wp","href":"https:\/\/api.w.org\/{rel}","templated":true}]}}